{"id":1602,"date":"2024-10-14T08:52:22","date_gmt":"2024-10-14T08:52:22","guid":{"rendered":"https:\/\/pepper-and-salt.com\/shop\/"},"modified":"2026-01-22T08:00:57","modified_gmt":"2026-01-22T08:00:57","slug":"shop","status":"publish","type":"page","link":"https:\/\/pepper-and-salt.com\/en\/shop\/","title":{"rendered":"Shop"},"content":{"rendered":"<div class=\"gb-container gb-container-40a350fa main\">\n<div class=\"gb-container gb-container-6625a3d8 wide-h1\">\n\n<h1 class=\"gb-headline gb-headline-1de2cec9 gb-headline-text\">Shop<\/h1>\n\n<\/div>\n<\/div>\n\n<div class=\"gb-container gb-container-4dd2517b main\">\n<div class=\"gb-container gb-container-68ea4629 wide\">\n\n<h2 class=\"gb-headline gb-headline-61fe0f4e gb-headline-text\">Deep Dive Card App<\/h2>\n\n\n\n<h3 class=\"gb-headline gb-headline-2040d28f gb-headline-text\">Your gateway to deep reflection and clear insight.<\/h3>\n\n\n<div class=\"gb-container gb-container-cc182528\">\n\n<p>Immerse yourself in an inspiring world of questions that invite you to discover new perspectives, gain clarity and build a deeper connection with yourself and others.<\/p>\n\n\n\n<p>Download the app now and enjoy a free question every Friday. You can also try a selection of cards from the set without obligation and see how inspiring they are &#8211; before you decide to buy the whole deck.<\/p>\n\n<\/div>\n<\/div>\n\n<div class=\"gb-container gb-container-5374471b wide\">\n<div class=\"gb-grid-wrapper gb-grid-wrapper-e9f129b4\">\n<div class=\"gb-grid-column gb-grid-column-29a73acb\"><div class=\"gb-container gb-container-29a73acb\">\n<div class=\"gb-container gb-container-f4759679\">\n\n<h4 class=\"gb-headline gb-headline-e5b3b11e gb-headline-text\">App Store<\/h4>\n\n\n\n<p class=\"gb-headline gb-headline-6440f4f9 gb-headline-text\">Download the App for<br>Apple iPhone and iPad.<\/p>\n\n\n\n<figure class=\"gb-block-image gb-block-image-d7708aae\"><img decoding=\"async\" class=\"gb-image gb-image-d7708aae\" src=\"https:\/\/pepper-and-salt.com\/wp-content\/uploads\/2025\/01\/qr-code-app-store-1.svg\" alt=\"QR Code App Store\" title=\"qr-code-app-store\"\/><\/figure>\n\n\n\n<figure class=\"gb-block-image gb-block-image-f987d45e\"><a href=\"https:\/\/apps.apple.com\/de\/app\/deep-dive-selbstreflexion\/id6739140131\" target=\"_blank\" rel=\"noopener noreferrer\"><img decoding=\"async\" class=\"gb-image gb-image-f987d45e\" src=\"https:\/\/pepper-and-salt.com\/wp-content\/uploads\/2025\/01\/Download_on_the_App_Store_Badge_US-UK_RGB_blk_092917.svg\" alt=\"\" title=\"Download_on_the_App_Store_Badge_US-UK_RGB_blk_092917\"\/><\/a><\/figure>\n\n<\/div>\n<\/div><\/div>\n\n<div class=\"gb-grid-column gb-grid-column-50b230db\"><div class=\"gb-container gb-container-50b230db\">\n<div class=\"gb-container gb-container-4276cf58\">\n\n<h4 class=\"gb-headline gb-headline-00f748df gb-headline-text\">Google Play<\/h4>\n\n\n\n<p class=\"gb-headline gb-headline-fdcfeba5 gb-headline-text\">Download the App for<br>Android Devices.<\/p>\n\n\n\n<figure class=\"gb-block-image gb-block-image-99469cb8\"><img decoding=\"async\" class=\"gb-image gb-image-99469cb8\" src=\"https:\/\/pepper-and-salt.com\/wp-content\/uploads\/2025\/01\/qr-code-google-play-store.svg\" alt=\"QR Code Google Play Store\" title=\"qr-code-google-play-store\"\/><\/figure>\n\n\n\n<figure class=\"gb-block-image gb-block-image-c1bebcde\"><a href=\"https:\/\/play.google.com\/store\/apps\/details?id=com.pepperAndSalt.deepDiveApp&amp;pcampaignid=web_share\" target=\"_blank\" rel=\"noopener noreferrer\"><img loading=\"lazy\" decoding=\"async\" width=\"270\" height=\"80\" class=\"gb-image gb-image-c1bebcde\" src=\"https:\/\/pepper-and-salt.com\/wp-content\/uploads\/2025\/01\/GetItOnGooglePlay_Badge_Web_color_English.png\" alt=\"\" title=\"GetItOnGooglePlay_Badge_Web_color_English\"\/><\/a><\/figure>\n\n<\/div>\n<\/div><\/div>\n<\/div>\n<\/div>\n<\/div>\n\n<div class=\"gb-container gb-container-591008a0 main\">\n<div class=\"gb-container gb-container-ff57c3c3 wide\">\n\n<h2 class=\"gb-headline gb-headline-0306495c gb-headline-text\">Workbook zur Jahres-Selbstreflexion<\/h2>\n\n\n\n<h3 class=\"gb-headline gb-headline-402c616c gb-headline-text\">Deine Inspiration zu einem bewussten und erf\u00fcllten Jahr.<\/h3>\n\n\n\n<ul class=\"wp-block-list\">\n<li>Bewusster leben: Reflektiere dein Jahr und entdecke, was wirklich z\u00e4hlt.<\/li>\n\n\n\n<li>Pers\u00f6nliches Wachstum: Gewinne Klarheit \u00fcber deine Ziele und erkenne deine St\u00e4rken.<\/li>\n\n\n\n<li>Tiefere Verbindungen: Verbessere die Beziehung zu dir selbst und anderen.<\/li>\n\n\n\n<li>Mehr Balance und Fokus: Lerne, mit den Rhythmen deines Lebens im Einklang zu sein.<\/li>\n\n\n\n<li>Ungew\u00f6hnliche Impulse: Lass dich von neuen Perspektiven und Ans\u00e4tzen inspirieren, die dir \u00fcberraschende Einsichten und echten Mehrwert bieten.<\/li>\n<\/ul>\n\n\n\n<p class=\"has-text-align-center\"><strong>Dein Jahr beginnt jetzt \u2013 mach es zu deinem Jahr der Transformation!<\/strong><\/p>\n\n<\/div>\n\n<div class=\"gb-container gb-container-c4fd287d wide\">\n<div class=\"gb-container gb-container-d1cac978 gb-accordion\">\n<div class=\"gb-container gb-container-89a5b09a gb-accordion__item\" data-transition=\"fade\">\n\n<button class=\"gb-button gb-button-2cc6c072 gb-accordion__toggle\" id=\"gb-accordion-toggle-2cc6c072\"><span class=\"gb-button-text\"><h3><strong>Warum die Jahres-Selbstreflexion unverzichtbar ist<\/strong><\/h3><\/span><span class=\"gb-icon\"><svg xmlns=\"http:\/\/www.w3.org\/2000\/svg\" viewBox=\"0 0 448 512\" width=\"1em\" height=\"1em\" aria-hidden=\"true\" role=\"img\" class=\"gb-accordion__icon\"><path d=\"M207.029 381.476L12.686 187.132c-9.373-9.373-9.373-24.569 0-33.941l22.667-22.667c9.357-9.357 24.522-9.375 33.901-.04L224 284.505l154.745-154.021c9.379-9.335 24.544-9.317 33.901.04l22.667 22.667c9.373 9.373 9.373 24.569 0 33.941L240.971 381.476c-9.373 9.372-24.569 9.372-33.942 0z\" fill=\"currentColor\"><\/path><\/svg><svg xmlns=\"http:\/\/www.w3.org\/2000\/svg\" viewBox=\"0 0 448 512\" width=\"1em\" height=\"1em\" aria-hidden=\"true\" role=\"img\" class=\"gb-accordion__icon-open\"><path d=\"M240.971 130.524l194.343 194.343c9.373 9.373 9.373 24.569 0 33.941l-22.667 22.667c-9.357 9.357-24.522 9.375-33.901.04L224 227.495 69.255 381.516c-9.379 9.335-24.544 9.317-33.901-.04l-22.667-22.667c-9.373-9.373-9.373-24.569 0-33.941L207.03 130.525c9.372-9.373 24.568-9.373 33.941-.001z\" fill=\"currentColor\"><\/path><\/svg><\/span><\/button>\n\n\n<div class=\"gb-container gb-container-9b95b2d4 gb-accordion__content\">\n\n<ul class=\"wp-block-list\">\n<li><strong>Klarheit gewinnen<\/strong>: Verabschiede dich von chaotischen To-do-Listen und schaffe Raum f\u00fcr das, was wirklich z\u00e4hlt.<\/li>\n\n\n\n<li><strong>Intention setzen<\/strong>: Finde heraus, was dir wirklich wichtig ist, und lege den Grundstein f\u00fcr deine Ziele.<\/li>\n\n\n\n<li><strong>Wachstum erleben<\/strong>: Nutze die kraftvolle Struktur der vier Jahreszeiten, um in deinem pers\u00f6nlichen Rhythmus zu wachsen.<\/li>\n\n\n\n<li><strong>Tiefe Verbindung schaffen<\/strong>: Verbessere nicht nur die Beziehung zu dir selbst, sondern auch zu den Menschen um dich herum.<\/li>\n\n\n\n<li><strong>Innere Balance finden<\/strong>: Erkenne und nutze die Rhythmen deines Lebens \u2013 Tag f\u00fcr Tag, Moment f\u00fcr Moment.<\/li>\n<\/ul>\n\n\n\n<p>\u201eEin achtsames Jahr beginnt mit einem bewussten ersten Schritt.\u201c<\/p>\n\n<\/div>\n<\/div>\n\n<div class=\"gb-container gb-container-8f023a69 gb-accordion__item\" data-transition=\"fade\">\n\n<button class=\"gb-button gb-button-12133c8f gb-accordion__toggle\" id=\"gb-accordion-toggle-12133c8f\"><span class=\"gb-button-text\"><strong><h3><strong>Das erwartet dich im Workbook<\/strong><\/h3><\/strong><\/span><span class=\"gb-icon\"><svg xmlns=\"http:\/\/www.w3.org\/2000\/svg\" viewBox=\"0 0 448 512\" width=\"1em\" height=\"1em\" aria-hidden=\"true\" role=\"img\" class=\"gb-accordion__icon\"><path d=\"M207.029 381.476L12.686 187.132c-9.373-9.373-9.373-24.569 0-33.941l22.667-22.667c9.357-9.357 24.522-9.375 33.901-.04L224 284.505l154.745-154.021c9.379-9.335 24.544-9.317 33.901.04l22.667 22.667c9.373 9.373 9.373 24.569 0 33.941L240.971 381.476c-9.373 9.372-24.569 9.372-33.942 0z\" fill=\"currentColor\"><\/path><\/svg><svg xmlns=\"http:\/\/www.w3.org\/2000\/svg\" viewBox=\"0 0 448 512\" width=\"1em\" height=\"1em\" aria-hidden=\"true\" role=\"img\" class=\"gb-accordion__icon-open\"><path d=\"M240.971 130.524l194.343 194.343c9.373 9.373 9.373 24.569 0 33.941l-22.667 22.667c-9.357 9.357-24.522 9.375-33.901.04L224 227.495 69.255 381.516c-9.379 9.335-24.544 9.317-33.901-.04l-22.667-22.667c-9.373-9.373-9.373-24.569 0-33.941L207.03 130.525c9.372-9.373 24.568-9.373 33.941-.001z\" fill=\"currentColor\"><\/path><\/svg><\/span><\/button>\n\n\n<div class=\"gb-container gb-container-aa953098 gb-accordion__content\">\n\n<ul class=\"wp-block-list\">\n<li><strong>Der Jahreszyklus als Spiegel deines Lebens<\/strong>: Lerne, wie du dich von Winter bis Herbst neu ausrichtest und st\u00e4rkst.<\/li>\n\n\n\n<li><strong>T\u00e4gliche Rituale f\u00fcr Achtsamkeit<\/strong>: Von der Morgenroutine bis zum Abendritual \u2013 entdecke, wie du bewusst durch jeden Tag navigierst.<\/li>\n\n\n\n<li><strong>Reflexionen f\u00fcr Begegnungen und Beziehungen<\/strong>: Erfahre, wie du Verbindungen aufbauen, n\u00e4hren und loslassen kannst.<\/li>\n\n\n\n<li><strong>Dein emotionaler Kompass<\/strong>: Entwickle eine klare Ausrichtung, die dir bei jeder Entscheidung Orientierung gibt.<\/li>\n<\/ul>\n\n<\/div>\n<\/div>\n\n<div class=\"gb-container gb-container-9bb9b7be gb-accordion__item\" data-transition=\"fade\">\n\n<button class=\"gb-button gb-button-c7a3faf4 gb-accordion__toggle\" id=\"gb-accordion-toggle-c7a3faf4\"><span class=\"gb-button-text\"><strong><h3><strong>Das sagen andere<\/strong><\/h3><\/strong><\/span><span class=\"gb-icon\"><svg xmlns=\"http:\/\/www.w3.org\/2000\/svg\" viewBox=\"0 0 448 512\" width=\"1em\" height=\"1em\" aria-hidden=\"true\" role=\"img\" class=\"gb-accordion__icon\"><path d=\"M207.029 381.476L12.686 187.132c-9.373-9.373-9.373-24.569 0-33.941l22.667-22.667c9.357-9.357 24.522-9.375 33.901-.04L224 284.505l154.745-154.021c9.379-9.335 24.544-9.317 33.901.04l22.667 22.667c9.373 9.373 9.373 24.569 0 33.941L240.971 381.476c-9.373 9.372-24.569 9.372-33.942 0z\" fill=\"currentColor\"><\/path><\/svg><svg xmlns=\"http:\/\/www.w3.org\/2000\/svg\" viewBox=\"0 0 448 512\" width=\"1em\" height=\"1em\" aria-hidden=\"true\" role=\"img\" class=\"gb-accordion__icon-open\"><path d=\"M240.971 130.524l194.343 194.343c9.373 9.373 9.373 24.569 0 33.941l-22.667 22.667c-9.357 9.357-24.522 9.375-33.901.04L224 227.495 69.255 381.516c-9.379 9.335-24.544 9.317-33.901-.04l-22.667-22.667c-9.373-9.373-9.373-24.569 0-33.941L207.03 130.525c9.372-9.373 24.568-9.373 33.941-.001z\" fill=\"currentColor\"><\/path><\/svg><\/span><\/button>\n\n\n<div class=\"gb-container gb-container-871ed321 gb-accordion__content\">\n\n<p>\u201eDieses Workbook hat mir geholfen, endlich aus meinem Alltagstrott auszubrechen und mein Leben wieder aktiv zu gestalten. Besonders die Metapher der Jahreszeiten hat mich tief ber\u00fchrt.\u201c \u2013&nbsp;<strong>Katharina, 34<\/strong><\/p>\n\n\n\n<p>\u201eIch habe mich selbst in einer Tiefe kennengelernt, die ich vorher nicht f\u00fcr m\u00f6glich gehalten h\u00e4tte. Es ist wie ein Spiegel, der mir zeigt, wie viel Potenzial in mir steckt.\u201c \u2013&nbsp;<strong>Markus, 42<\/strong><\/p>\n\n<\/div>\n<\/div>\n<\/div>\n<\/div>\n\n<div class=\"gb-container gb-container-de54bd69 wide\">\n\n<h2 class=\"gb-headline gb-headline-d1cb5536 gb-headline-text\"><strong>Sei bereit f\u00fcr DEIN Jahr \u2013 jetzt ist deine Zeit!<\/strong><\/h2>\n\n\n\n<p class=\"has-text-align-center\">Der Moment, dich selbst zu reflektieren und neu auszurichten, ist genau jetzt. Warte nicht auf den perfekten Augenblick, denn dieser beginnt mit deiner Entscheidung.<\/p>\n\n\n\n<p class=\"has-text-align-center\"><strong>Starte deine Jahresreise noch heute.<\/strong><\/p>\n\n\n\n<a class=\"gb-button gb-button-86c29ad7 gb-button-text smooth-scroll\" href=\"https:\/\/www.checkout-ds24.com\/product\/588325\" target=\"_blank\" rel=\"noopener noreferrer\">Kaufe jetzt dein Workbook auf Digistore24<\/a>\n\n<\/div>\n<\/div>","protected":false},"excerpt":{"rendered":"<p>Shop Deep Dive Card App Your gateway to deep reflection and clear insight. Immerse yourself in an inspiring world of questions that invite you to discover new perspectives, gain clarity and build a deeper connection with yourself and others. Download the app now and enjoy a free question every Friday. You can also try a &#8230; <a title=\"Shop\" class=\"read-more\" href=\"https:\/\/pepper-and-salt.com\/en\/shop\/\" aria-label=\"Read more about Shop\">Read more<\/a><\/p>\n","protected":false},"author":1,"featured_media":0,"parent":0,"menu_order":60,"comment_status":"closed","ping_status":"closed","template":"","meta":{"iawp_total_views":35,"footnotes":""},"class_list":["post-1602","page","type-page","status-publish"],"_links":{"self":[{"href":"https:\/\/pepper-and-salt.com\/en\/wp-json\/wp\/v2\/pages\/1602","targetHints":{"allow":["GET"]}}],"collection":[{"href":"https:\/\/pepper-and-salt.com\/en\/wp-json\/wp\/v2\/pages"}],"about":[{"href":"https:\/\/pepper-and-salt.com\/en\/wp-json\/wp\/v2\/types\/page"}],"author":[{"embeddable":true,"href":"https:\/\/pepper-and-salt.com\/en\/wp-json\/wp\/v2\/users\/1"}],"replies":[{"embeddable":true,"href":"https:\/\/pepper-and-salt.com\/en\/wp-json\/wp\/v2\/comments?post=1602"}],"version-history":[{"count":5,"href":"https:\/\/pepper-and-salt.com\/en\/wp-json\/wp\/v2\/pages\/1602\/revisions"}],"predecessor-version":[{"id":1817,"href":"https:\/\/pepper-and-salt.com\/en\/wp-json\/wp\/v2\/pages\/1602\/revisions\/1817"}],"wp:attachment":[{"href":"https:\/\/pepper-and-salt.com\/en\/wp-json\/wp\/v2\/media?parent=1602"}],"curies":[{"name":"wp","href":"https:\/\/api.w.org\/{rel}","templated":true}]}}